{"id":17,"date":"2014-11-27T14:43:30","date_gmt":"2014-11-27T13:43:30","guid":{"rendered":"http:\/\/tintypelab.ch\/?page_id=17"},"modified":"2025-10-18T13:36:25","modified_gmt":"2025-10-18T12:36:25","slug":"tarifs","status":"publish","type":"page","link":"https:\/\/tintypelab.ch\/?page_id=17","title":{"rendered":"Activit\u00e9s"},"content":{"rendered":"\n<p><strong><em>\ud83d\ude80&nbsp; <\/em><a href=\"https:\/\/tintypelab.ch\/wp-content\/uploads\/2025\/05\/Veyrier-entre-passe-et-present-TintypeLab.pdf\" data-type=\"attachment\" data-id=\"1422\"><em>Veyrier entre pass\u00e9 et pr\u00e9sent<\/em>, 2025 &#8211; 2026<\/a><\/strong> <br>Projet en cours b\u00e9n\u00e9ficiant du soutien de la commune de Veyrier, de l&rsquo;association La M\u00e9moire de Veyrier, de la Fondation pour le patrimoine b\u00e2ti genevois, de Bordier-Schmidhauser SA, du Fonds M\u00e9c\u00e9nat SIG, de Charles Maulini &amp; Cie SA et de la Loterie Romande<\/p>\n\n\n<p><strong>Expositions<br \/><\/strong><\/p>\n<p><em>Herbier ferrotypique, <\/em>2024<br \/>Avec son <em>Herbier ferrotypique <\/em>pr\u00e9sent\u00e9 au Chalet du Jardin botanique Alpin de Meyrin, le duo TintypeLab produit des portraits de fleurs de nos r\u00e9gions selon un proc\u00e9d\u00e9 photographique h\u00e9rit\u00e9 du XIX<sup>e<\/sup> si\u00e8cle. Cette technique donne des r\u00e9sultats d\u2019une puissance expressive et d\u2019un charme d\u00e9suet qui en font tout le prix. <br \/><span style=\"color: #999999;\"><small>Avec le soutien de la commune de Meyrin<\/small><\/span><br \/><a href=\"https:\/\/tintypelab.ch\/wp-content\/uploads\/2025\/04\/0001-DaisyKimLehmann-culture-125453-240420-scaled.jpg\"><img loading=\"lazy\" decoding=\"async\" class=\"alignleft wp-image-1382 size-large\" src=\"https:\/\/tintypelab.ch\/wp-content\/uploads\/2025\/04\/0001-DaisyKimLehmann-culture-125453-240420-1024x683.jpg\" alt=\"\" width=\"660\" height=\"440\" srcset=\"https:\/\/tintypelab.ch\/wp-content\/uploads\/2025\/04\/0001-DaisyKimLehmann-culture-125453-240420-1024x683.jpg 1024w, https:\/\/tintypelab.ch\/wp-content\/uploads\/2025\/04\/0001-DaisyKimLehmann-culture-125453-240420-300x200.jpg 300w, https:\/\/tintypelab.ch\/wp-content\/uploads\/2025\/04\/0001-DaisyKimLehmann-culture-125453-240420-768x512.jpg 768w, https:\/\/tintypelab.ch\/wp-content\/uploads\/2025\/04\/0001-DaisyKimLehmann-culture-125453-240420-1536x1024.jpg 1536w, https:\/\/tintypelab.ch\/wp-content\/uploads\/2025\/04\/0001-DaisyKimLehmann-culture-125453-240420-2048x1365.jpg 2048w\" sizes=\"(max-width: 660px) 100vw, 660px\" \/><\/a><\/p>\n<figure id=\"attachment_1383\" aria-describedby=\"caption-attachment-1383\" style=\"width: 660px\" class=\"wp-caption alignleft\"><a href=\"https:\/\/tintypelab.ch\/wp-content\/uploads\/2025\/04\/0002-DaisyKimLehmann-culture-125544-240420-scaled.jpg\"><img loading=\"lazy\" decoding=\"async\" class=\"wp-image-1383 size-large\" src=\"https:\/\/tintypelab.ch\/wp-content\/uploads\/2025\/04\/0002-DaisyKimLehmann-culture-125544-240420-1024x683.jpg\" alt=\"\" width=\"660\" height=\"440\" srcset=\"https:\/\/tintypelab.ch\/wp-content\/uploads\/2025\/04\/0002-DaisyKimLehmann-culture-125544-240420-1024x683.jpg 1024w, https:\/\/tintypelab.ch\/wp-content\/uploads\/2025\/04\/0002-DaisyKimLehmann-culture-125544-240420-300x200.jpg 300w, https:\/\/tintypelab.ch\/wp-content\/uploads\/2025\/04\/0002-DaisyKimLehmann-culture-125544-240420-768x512.jpg 768w, https:\/\/tintypelab.ch\/wp-content\/uploads\/2025\/04\/0002-DaisyKimLehmann-culture-125544-240420-1536x1024.jpg 1536w, https:\/\/tintypelab.ch\/wp-content\/uploads\/2025\/04\/0002-DaisyKimLehmann-culture-125544-240420-2048x1365.jpg 2048w\" sizes=\"(max-width: 660px) 100vw, 660px\" \/><\/a><figcaption id=\"caption-attachment-1383\" class=\"wp-caption-text\">Vues de l&rsquo;exposition \u00a9 Daisy Kim Lehmann<\/figcaption><\/figure>\n<p><em>Herbier ferrotypique, <\/em>2023<br \/>Pour la 5<sup>\u00e8me<\/sup> Biennale insulaire des espaces d&rsquo;art de Gen\u00e8ve, TintypeLab d\u00e9bute par une r\u00e9sidence au Jardin botanique alpin de Meyrin afin de constituer un herbier ferrotypique. Durant l\u2019\u00e9v\u00e9nement \u00e0 la Perle du Lac, TintypeLab pr\u00e9sente son herbier photographique sous forme d\u2019\u00e9dition imprim\u00e9e.<\/p>\n<p><em>Bo\u00eete noire, <\/em>2021<br \/>TintypeLab documente une s\u00e9lection d\u2019interventions (y compris ambiances) lors de la 4<sup>\u00e8me<\/sup> BIG par le proc\u00e9d\u00e9 du ferrotype. Ces photographies uniques ont \u00e9t\u00e9 expos\u00e9es d\u00e8s le 9 juillet sur la structure du collectif TAREX.<\/p>\n<p><em>BIG<\/em>, 2019<br \/>TintypeLab a archiv\u00e9 le processus du montage de la Biennale Interstellaire des espaces d&rsquo;art de Gen\u00e8ve (installation des diff\u00e9rents p\u00f4les et capsules) par le proc\u00e9d\u00e9 du ferrotype. Ces \u00e9preuves positives directes aux reflets argent\u00e9s ont ensuite \u00e9t\u00e9 expos\u00e9es durant le week-end de la manifestation.<\/p>\n<p><em>LITHIUM<\/em>, 2017<br \/>TintypeLab s\u2019est int\u00e9ress\u00e9e aux ateliers d\u2019artistes de l\u2019association Picto o\u00f9 elle a produit une s\u00e9rie d\u2019images pr\u00e9sent\u00e9es lors de l\u2019exposition \u00ab Lithium \u00bb \u00e0 l\u2019espace TOPIC. Une s\u00e9lection de ces images ont accueilli les visiteurs du site pictonet.ch jusqu\u2019\u00e0 mi-mars 2018.<\/p>\n<p><em>MAKING-OFF<\/em>, 2015<br \/>Lors de ses s\u00e9ances de prises de vues, TintypeLab effectue toujours des essais techniques avant de r\u00e9aliser les \u00e9preuves finales qui sont directement remises \u00e0 ses clients. \u00ab Making-off \u00bb est un ensemble de ferrotypes issus des essais techniques et a \u00e9t\u00e9 expos\u00e9 dans le cadre de \u00ab Atelier (r)ouvre-toi \u00bb \u00e0 Picto.<a href=\"https:\/\/tintypelab.ch\/wp-content\/uploads\/2018\/06\/PAV58491.jpg\"><img loading=\"lazy\" decoding=\"async\" class=\"alignleft wp-image-931 size-large\" src=\"https:\/\/tintypelab.ch\/wp-content\/uploads\/2018\/06\/PAV58491-1024x684.jpg\" alt=\"\" width=\"660\" height=\"441\" srcset=\"https:\/\/tintypelab.ch\/wp-content\/uploads\/2018\/06\/PAV58491-1024x684.jpg 1024w, https:\/\/tintypelab.ch\/wp-content\/uploads\/2018\/06\/PAV58491-300x200.jpg 300w, https:\/\/tintypelab.ch\/wp-content\/uploads\/2018\/06\/PAV58491-768x513.jpg 768w, https:\/\/tintypelab.ch\/wp-content\/uploads\/2018\/06\/PAV58491.jpg 2000w\" sizes=\"(max-width: 660px) 100vw, 660px\" \/><\/a><\/p>\n<p><a href=\"https:\/\/tintypelab.ch\/wp-content\/uploads\/2018\/06\/PAV5415.jpg\"><img loading=\"lazy\" decoding=\"async\" class=\"alignleft wp-image-927 size-large\" src=\"https:\/\/tintypelab.ch\/wp-content\/uploads\/2018\/06\/PAV5415-1024x684.jpg\" alt=\"\" width=\"660\" height=\"441\" srcset=\"https:\/\/tintypelab.ch\/wp-content\/uploads\/2018\/06\/PAV5415-1024x684.jpg 1024w, https:\/\/tintypelab.ch\/wp-content\/uploads\/2018\/06\/PAV5415-300x200.jpg 300w, https:\/\/tintypelab.ch\/wp-content\/uploads\/2018\/06\/PAV5415-768x513.jpg 768w, https:\/\/tintypelab.ch\/wp-content\/uploads\/2018\/06\/PAV5415.jpg 2000w\" sizes=\"(max-width: 660px) 100vw, 660px\" \/><\/a><\/p>\n<p><strong><a href=\"https:\/\/tintypelab.ch\/wp-content\/uploads\/2018\/06\/PAV0195.jpg\"><img loading=\"lazy\" decoding=\"async\" class=\"alignleft wp-image-924 size-large\" src=\"https:\/\/tintypelab.ch\/wp-content\/uploads\/2018\/06\/PAV0195-1024x684.jpg\" alt=\"\" width=\"660\" height=\"441\" srcset=\"https:\/\/tintypelab.ch\/wp-content\/uploads\/2018\/06\/PAV0195-1024x684.jpg 1024w, https:\/\/tintypelab.ch\/wp-content\/uploads\/2018\/06\/PAV0195-300x200.jpg 300w, https:\/\/tintypelab.ch\/wp-content\/uploads\/2018\/06\/PAV0195-768x513.jpg 768w, https:\/\/tintypelab.ch\/wp-content\/uploads\/2018\/06\/PAV0195.jpg 2000w\" sizes=\"(max-width: 660px) 100vw, 660px\" \/><\/a><\/strong><\/p>\n<p><strong>Flore &amp; paysage<br \/><\/strong>L\u2019extr\u00eame finesse du grain de l\u2019image ferrotypique d\u00e9voile avec grande pr\u00e9cision les d\u00e9tails v\u00e9g\u00e9taux. Dans cette optique, TintypeLab effectue des exp\u00e9ditions photographiques dans des jardins botaniques ou dans la nature.<\/p>\n<p><strong>Architecture<\/strong><br \/>L\u2019association photographie \u00e9galement des immeubles de logement et des maisons individuelles. Lors de mandats qui lui sont confi\u00e9s, elle immortalise des b\u00e2timents culturels et certaines \u00e9tapes de leur construction ou d\u00e9molition. Les ferrotypes, ayant une tr\u00e8s longue dur\u00e9e de conservation, peuvent \u00eatre enterr\u00e9s lors de la pose de la premi\u00e8re pierre par ex. pour que les g\u00e9n\u00e9rations futures puissent les d\u00e9couvrir.<\/p>\n<p><strong>Portrait<\/strong><br \/>TintypeLab invite son public \u00e0 vivre l\u2019exp\u00e9rience de la \u00ab slow photo \u00bb : la lenteur de la technique et de la pose que prend le mod\u00e8le devant l\u2019objectif de la chambre photographique sont le corps m\u00eame de cette \u00e9loge \u00e0 la lenteur. TintypeLab propose des s\u00e9ances de prise de vue dans le cadre d&rsquo;\u00e9v\u00e9nements publics.<\/p>\n<p><strong>Restauration <\/strong><br \/>TintypeLab a confectionn\u00e9 son laboratoire ambulant et pr\u00e9pare ses diff\u00e9rentes solutions chimiques pour la r\u00e9alisation de ses ferrotypes. Utilisant des chambres photographiques d\u2019\u00e9poque en bois qui n\u00e9cessitent souvent restauration avant utilisation, des ch\u00e2ssis et un nouveau soufflet ont \u00e9t\u00e9 construits.<\/p>\n<p><img loading=\"lazy\" decoding=\"async\" class=\"alignleft wp-image-928 size-large\" src=\"https:\/\/tintypelab.ch\/wp-content\/uploads\/2018\/06\/PAV5555-1024x684.jpg\" alt=\"\" width=\"660\" height=\"441\" srcset=\"https:\/\/tintypelab.ch\/wp-content\/uploads\/2018\/06\/PAV5555-1024x684.jpg 1024w, https:\/\/tintypelab.ch\/wp-content\/uploads\/2018\/06\/PAV5555-300x200.jpg 300w, https:\/\/tintypelab.ch\/wp-content\/uploads\/2018\/06\/PAV5555-768x513.jpg 768w, https:\/\/tintypelab.ch\/wp-content\/uploads\/2018\/06\/PAV5555.jpg 2000w\" sizes=\"(max-width: 660px) 100vw, 660px\" \/> <img loading=\"lazy\" decoding=\"async\" class=\"alignleft wp-image-929 size-large\" src=\"https:\/\/tintypelab.ch\/wp-content\/uploads\/2018\/06\/PAV5563-1024x684.jpg\" alt=\"\" width=\"660\" height=\"441\" srcset=\"https:\/\/tintypelab.ch\/wp-content\/uploads\/2018\/06\/PAV5563-1024x684.jpg 1024w, https:\/\/tintypelab.ch\/wp-content\/uploads\/2018\/06\/PAV5563-300x200.jpg 300w, https:\/\/tintypelab.ch\/wp-content\/uploads\/2018\/06\/PAV5563-768x513.jpg 768w, https:\/\/tintypelab.ch\/wp-content\/uploads\/2018\/06\/PAV5563.jpg 2000w\" sizes=\"(max-width: 660px) 100vw, 660px\" \/><\/p>","protected":false},"excerpt":{"rendered":"<p>\ud83d\ude80&nbsp; Veyrier entre pass\u00e9 et pr\u00e9sent, 2025 &#8211; 2026 Projet en cours b\u00e9n\u00e9ficiant du soutien de la commune de Veyrier, de l&rsquo;association La M\u00e9moire de Veyrier, de la Fondation pour le patrimoine b\u00e2ti genevois, de Bordier-Schmidhauser SA, du Fonds M\u00e9c\u00e9nat SIG, de Charles Maulini &amp; Cie SA et de la Loterie Romande Expositions Herbier ferrotypique, &hellip; <a href=\"https:\/\/tintypelab.ch\/?page_id=17\" class=\"more-link\">Continuer la lecture de <span class=\"screen-reader-text\">Activit\u00e9s<\/span><\/a><\/p>\n","protected":false},"author":1,"featured_media":0,"parent":0,"menu_order":1,"comment_status":"closed","ping_status":"closed","template":"","meta":{"footnotes":""},"_links":{"self":[{"href":"https:\/\/tintypelab.ch\/index.php?rest_route=\/wp\/v2\/pages\/17"}],"collection":[{"href":"https:\/\/tintypelab.ch\/index.php?rest_route=\/wp\/v2\/pages"}],"about":[{"href":"https:\/\/tintypelab.ch\/index.php?rest_route=\/wp\/v2\/types\/page"}],"author":[{"embeddable":true,"href":"https:\/\/tintypelab.ch\/index.php?rest_route=\/wp\/v2\/users\/1"}],"replies":[{"embeddable":true,"href":"https:\/\/tintypelab.ch\/index.php?rest_route=%2Fwp%2Fv2%2Fcomments&post=17"}],"version-history":[{"count":164,"href":"https:\/\/tintypelab.ch\/index.php?rest_route=\/wp\/v2\/pages\/17\/revisions"}],"predecessor-version":[{"id":1477,"href":"https:\/\/tintypelab.ch\/index.php?rest_route=\/wp\/v2\/pages\/17\/revisions\/1477"}],"wp:attachment":[{"href":"https:\/\/tintypelab.ch\/index.php?rest_route=%2Fwp%2Fv2%2Fmedia&parent=17"}],"curies":[{"name":"wp","href":"https:\/\/api.w.org\/{rel}","templated":true}]}}